{"id":30,"date":"2024-09-11T11:46:23","date_gmt":"2024-09-11T11:46:23","guid":{"rendered":"https:\/\/soctakas.lt\/?page_id=30"},"modified":"2024-09-23T13:37:28","modified_gmt":"2024-09-23T13:37:28","slug":"kontaktai","status":"publish","type":"page","link":"https:\/\/soctakas.lt\/index.php\/kontaktai\/","title":{"rendered":"Kontaktai"},"content":{"rendered":"\n<div class=\"wp-block-group is-content-justification-center is-layout-constrained wp-container-core-group-is-layout-5d76a068 wp-block-group-is-layout-constrained\" style=\"margin-top:0;margin-bottom:0;padding-top:var(--wp--preset--spacing--20);padding-bottom:var(--wp--preset--spacing--20)\">\n<div id=\"wp-block-themeisle-blocks-advanced-columns-1de819f6\" class=\"wp-block-themeisle-blocks-advanced-columns has-2-columns has-desktop-equal-layout has-tablet-equal-layout has-mobile-collapsedRows-layout has-vertical-unset\"><div class=\"wp-block-themeisle-blocks-advanced-columns-overlay\"><\/div><div class=\"innerblocks-wrap\">\n<div id=\"wp-block-themeisle-blocks-advanced-column-aac844fd\" class=\"wp-block-themeisle-blocks-advanced-column\">\n<div id=\"wp-block-themeisle-blocks-icon-list-8cbac7c7\" class=\"wp-block-themeisle-blocks-icon-list\">\n<div id=\"wp-block-themeisle-blocks-icon-list-item-736a8415\" class=\"wp-block-themeisle-blocks-icon-list-item icon ticss-507c3c3a\"><i class=\"fas fa-map-marker-alt wp-block-themeisle-blocks-icon-list-item-icon-custom\"><\/i><p class=\"wp-block-themeisle-blocks-icon-list-item-content\"><em>\u0160iauliai<\/em>, R\u016bd\u0117s g 27G, \u0160iauliai LT-76353<\/p><\/div>\n\n\n\n<div id=\"wp-block-themeisle-blocks-icon-list-item-eedb44f0\" class=\"wp-block-themeisle-blocks-icon-list-item icon ticss-507c3c3a\"><i class=\"far fa-envelope wp-block-themeisle-blocks-icon-list-item-icon-custom\"><\/i><p class=\"wp-block-themeisle-blocks-icon-list-item-content\"><a href=\"mailto:#\">siauliai@takoskyra.lt<\/a><\/p><\/div>\n\n\n\n<div id=\"wp-block-themeisle-blocks-icon-list-item-a302b095\" class=\"wp-block-themeisle-blocks-icon-list-item icon ticss-507c3c3a\"><i class=\"fas fa-phone-alt wp-block-themeisle-blocks-icon-list-item-icon-custom\"><\/i><p class=\"wp-block-themeisle-blocks-icon-list-item-content\">+370 647 73917<\/p><\/div>\n<\/div>\n<\/div>\n\n\n\n<div id=\"wp-block-themeisle-blocks-advanced-column-d83dae37\" class=\"wp-block-themeisle-blocks-advanced-column\">\n<div id=\"wp-block-themeisle-blocks-form-2ed60e5b\" class=\"wp-block-themeisle-blocks-form\" data-option-name=\"bf9b28ff82ce323187abc5d0feb0d8f07ecd8436_2ed60e5b\"><form class=\"otter-form__container\">\n<div id=\"wp-block-themeisle-blocks-form-input-8ec858d9\" class=\"wp-block-themeisle-blocks-form-input\"><label for=\"wp-block-themeisle-blocks-form-input-8ec858d9-input\" class=\"otter-form-input-label\"><span class=\"otter-form-input-label__label\">Vardas<\/span><span class=\"required\">*<\/span><\/label><input type=\"text\" id=\"wp-block-themeisle-blocks-form-input-8ec858d9-input\" required class=\"otter-form-input\"\/><\/div>\n\n\n\n<div id=\"wp-block-themeisle-blocks-form-input-4cb5d29e\" class=\"wp-block-themeisle-blocks-form-input\"><label for=\"wp-block-themeisle-blocks-form-input-4cb5d29e-input\" class=\"otter-form-input-label\"><span class=\"otter-form-input-label__label\">El. Pa\u0161tas<\/span><span class=\"required\">*<\/span><\/label><input type=\"email\" id=\"wp-block-themeisle-blocks-form-input-4cb5d29e-input\" required class=\"otter-form-input\"\/><\/div>\n\n\n<div class=\"protection\" aria-hidden=\"true\"><input type=\"hidden\" id=\"wp-block-themeisle-blocks-form-2ed60e5b_nonce_field\" name=\"wp-block-themeisle-blocks-form-2ed60e5b_nonce_field\" value=\"31b789bd8e\" \/><input type=\"hidden\" name=\"_wp_http_referer\" value=\"\/index.php\/wp-json\/wp\/v2\/pages\/30\" \/><input class=\"o-anti-bot\" type=\"checkbox\"><\/div>\n\n\n<div id=\"wp-block-themeisle-blocks-form-textarea-433098fc\" class=\"wp-block-themeisle-blocks-form-textarea\"><label for=\"wp-block-themeisle-blocks-form-textarea-433098fc-input\" class=\"otter-form-textarea-label\"><span class=\"otter-form-textarea-label__label\">Klausimas<\/span><\/label><textarea id=\"wp-block-themeisle-blocks-form-textarea-433098fc-input\" rows=\"10\" class=\"otter-form-textarea-input\"><\/textarea><\/div>\n<div class=\"wp-block-button\"><button class=\"wp-block-button__link\" type=\"submit\">Si\u0173sti<\/button><\/div><\/form><\/div>\n<\/div>\n<\/div><\/div>\n<\/div>\n","protected":false},"excerpt":{"rendered":"","protected":false},"author":1,"featured_media":0,"parent":0,"menu_order":0,"comment_status":"closed","ping_status":"closed","template":"","meta":{"site-sidebar-layout":"default","site-content-layout":"","ast-site-content-layout":"default","site-content-style":"default","site-sidebar-style":"default","ast-global-header-display":"","ast-banner-title-visibility":"","ast-main-header-display":"","ast-hfb-above-header-display":"","ast-hfb-below-header-display":"","ast-hfb-mobile-header-display":"","site-post-title":"disabled","ast-breadcrumbs-content":"","ast-featured-img":"","footer-sml-layout":"","ast-disable-related-posts":"","theme-transparent-header-meta":"","adv-header-id-meta":"","stick-header-meta":"","header-above-stick-meta":"","header-main-stick-meta":"","header-below-stick-meta":"","astra-migrate-meta-layouts":"default","ast-page-background-enabled":"default","ast-page-background-meta":{"desktop":{"background-color":"var(--ast-global-color-4)","background-image":"","background-repeat":"repeat","background-position":"center center","background-size":"auto","background-attachment":"scroll","background-type":"","background-media":"","overlay-type":"","overlay-color":"","overlay-opacity":"","overlay-gradient":""},"tablet":{"background-color":"","background-image":"","background-repeat":"repeat","background-position":"center center","background-size":"auto","background-attachment":"scroll","background-type":"","background-media":"","overlay-type":"","overlay-color":"","overlay-opacity":"","overlay-gradient":""},"mobile":{"background-color":"","background-image":"","background-repeat":"repeat","background-position":"center center","background-size":"auto","background-attachment":"scroll","background-type":"","background-media":"","overlay-type":"","overlay-color":"","overlay-opacity":"","overlay-gradient":""}},"ast-content-background-meta":{"desktop":{"background-color":"var(--ast-global-color-5)","background-image":"","background-repeat":"repeat","background-position":"center center","background-size":"auto","background-attachment":"scroll","background-type":"","background-media":"","overlay-type":"","overlay-color":"","overlay-opacity":"","overlay-gradient":""},"tablet":{"background-color":"var(--ast-global-color-5)","background-image":"","background-repeat":"repeat","background-position":"center center","background-size":"auto","background-attachment":"scroll","background-type":"","background-media":"","overlay-type":"","overlay-color":"","overlay-opacity":"","overlay-gradient":""},"mobile":{"background-color":"var(--ast-global-color-5)","background-image":"","background-repeat":"repeat","background-position":"center center","background-size":"auto","background-attachment":"scroll","background-type":"","background-media":"","overlay-type":"","overlay-color":"","overlay-opacity":"","overlay-gradient":""}},"_themeisle_gutenberg_block_has_review":false,"footnotes":""},"class_list":["post-30","page","type-page","status-publish","hentry"],"yoast_head":"<!-- This site is optimized with the Yoast SEO plugin v23.9 - https:\/\/yoast.com\/wordpress\/plugins\/seo\/ -->\n<title>Kontaktai - soctakas<\/title>\n<meta name=\"robots\" content=\"index, follow, max-snippet:-1, max-image-preview:large, max-video-preview:-1\" \/>\n<link rel=\"canonical\" href=\"https:\/\/soctakas.lt\/index.php\/kontaktai\/\" \/>\n<meta property=\"og:locale\" content=\"lt_LT\" \/>\n<meta property=\"og:type\" content=\"article\" \/>\n<meta property=\"og:title\" content=\"Kontaktai - soctakas\" \/>\n<meta property=\"og:url\" content=\"https:\/\/soctakas.lt\/index.php\/kontaktai\/\" \/>\n<meta property=\"og:site_name\" content=\"soctakas\" \/>\n<meta property=\"article:modified_time\" content=\"2024-09-23T13:37:28+00:00\" \/>\n<meta name=\"twitter:card\" content=\"summary_large_image\" \/>\n<meta name=\"twitter:label1\" content=\"Est. reading time\" \/>\n\t<meta name=\"twitter:data1\" content=\"1 minut\u0117\" \/>\n<script type=\"application\/ld+json\" class=\"yoast-schema-graph\">{\"@context\":\"https:\/\/schema.org\",\"@graph\":[{\"@type\":\"WebPage\",\"@id\":\"https:\/\/soctakas.lt\/index.php\/kontaktai\/\",\"url\":\"https:\/\/soctakas.lt\/index.php\/kontaktai\/\",\"name\":\"Kontaktai - soctakas\",\"isPartOf\":{\"@id\":\"https:\/\/soctakas.lt\/#website\"},\"datePublished\":\"2024-09-11T11:46:23+00:00\",\"dateModified\":\"2024-09-23T13:37:28+00:00\",\"breadcrumb\":{\"@id\":\"https:\/\/soctakas.lt\/index.php\/kontaktai\/#breadcrumb\"},\"inLanguage\":\"lt-LT\",\"potentialAction\":[{\"@type\":\"ReadAction\",\"target\":[\"https:\/\/soctakas.lt\/index.php\/kontaktai\/\"]}]},{\"@type\":\"BreadcrumbList\",\"@id\":\"https:\/\/soctakas.lt\/index.php\/kontaktai\/#breadcrumb\",\"itemListElement\":[{\"@type\":\"ListItem\",\"position\":1,\"name\":\"Home\",\"item\":\"https:\/\/soctakas.lt\/\"},{\"@type\":\"ListItem\",\"position\":2,\"name\":\"Kontaktai\"}]},{\"@type\":\"WebSite\",\"@id\":\"https:\/\/soctakas.lt\/#website\",\"url\":\"https:\/\/soctakas.lt\/\",\"name\":\"soctakas\",\"description\":\"\",\"publisher\":{\"@id\":\"https:\/\/soctakas.lt\/#organization\"},\"potentialAction\":[{\"@type\":\"SearchAction\",\"target\":{\"@type\":\"EntryPoint\",\"urlTemplate\":\"https:\/\/soctakas.lt\/?s={search_term_string}\"},\"query-input\":{\"@type\":\"PropertyValueSpecification\",\"valueRequired\":true,\"valueName\":\"search_term_string\"}}],\"inLanguage\":\"lt-LT\"},{\"@type\":\"Organization\",\"@id\":\"https:\/\/soctakas.lt\/#organization\",\"name\":\"soctakas\",\"url\":\"https:\/\/soctakas.lt\/\",\"logo\":{\"@type\":\"ImageObject\",\"inLanguage\":\"lt-LT\",\"@id\":\"https:\/\/soctakas.lt\/#\/schema\/logo\/image\/\",\"url\":\"https:\/\/soctakas.lt\/wp-content\/uploads\/2024\/09\/logo.png\",\"contentUrl\":\"https:\/\/soctakas.lt\/wp-content\/uploads\/2024\/09\/logo.png\",\"width\":120,\"height\":23,\"caption\":\"soctakas\"},\"image\":{\"@id\":\"https:\/\/soctakas.lt\/#\/schema\/logo\/image\/\"}}]}<\/script>\n<!-- \/ Yoast SEO plugin. -->","yoast_head_json":{"title":"Kontaktai - soctakas","robots":{"index":"index","follow":"follow","max-snippet":"max-snippet:-1","max-image-preview":"max-image-preview:large","max-video-preview":"max-video-preview:-1"},"canonical":"https:\/\/soctakas.lt\/index.php\/kontaktai\/","og_locale":"lt_LT","og_type":"article","og_title":"Kontaktai - soctakas","og_url":"https:\/\/soctakas.lt\/index.php\/kontaktai\/","og_site_name":"soctakas","article_modified_time":"2024-09-23T13:37:28+00:00","twitter_card":"summary_large_image","twitter_misc":{"Est. reading time":"1 minut\u0117"},"schema":{"@context":"https:\/\/schema.org","@graph":[{"@type":"WebPage","@id":"https:\/\/soctakas.lt\/index.php\/kontaktai\/","url":"https:\/\/soctakas.lt\/index.php\/kontaktai\/","name":"Kontaktai - soctakas","isPartOf":{"@id":"https:\/\/soctakas.lt\/#website"},"datePublished":"2024-09-11T11:46:23+00:00","dateModified":"2024-09-23T13:37:28+00:00","breadcrumb":{"@id":"https:\/\/soctakas.lt\/index.php\/kontaktai\/#breadcrumb"},"inLanguage":"lt-LT","potentialAction":[{"@type":"ReadAction","target":["https:\/\/soctakas.lt\/index.php\/kontaktai\/"]}]},{"@type":"BreadcrumbList","@id":"https:\/\/soctakas.lt\/index.php\/kontaktai\/#breadcrumb","itemListElement":[{"@type":"ListItem","position":1,"name":"Home","item":"https:\/\/soctakas.lt\/"},{"@type":"ListItem","position":2,"name":"Kontaktai"}]},{"@type":"WebSite","@id":"https:\/\/soctakas.lt\/#website","url":"https:\/\/soctakas.lt\/","name":"soctakas","description":"","publisher":{"@id":"https:\/\/soctakas.lt\/#organization"},"potentialAction":[{"@type":"SearchAction","target":{"@type":"EntryPoint","urlTemplate":"https:\/\/soctakas.lt\/?s={search_term_string}"},"query-input":{"@type":"PropertyValueSpecification","valueRequired":true,"valueName":"search_term_string"}}],"inLanguage":"lt-LT"},{"@type":"Organization","@id":"https:\/\/soctakas.lt\/#organization","name":"soctakas","url":"https:\/\/soctakas.lt\/","logo":{"@type":"ImageObject","inLanguage":"lt-LT","@id":"https:\/\/soctakas.lt\/#\/schema\/logo\/image\/","url":"https:\/\/soctakas.lt\/wp-content\/uploads\/2024\/09\/logo.png","contentUrl":"https:\/\/soctakas.lt\/wp-content\/uploads\/2024\/09\/logo.png","width":120,"height":23,"caption":"soctakas"},"image":{"@id":"https:\/\/soctakas.lt\/#\/schema\/logo\/image\/"}}]}},"_links":{"self":[{"href":"https:\/\/soctakas.lt\/index.php\/wp-json\/wp\/v2\/pages\/30","targetHints":{"allow":["GET"]}}],"collection":[{"href":"https:\/\/soctakas.lt\/index.php\/wp-json\/wp\/v2\/pages"}],"about":[{"href":"https:\/\/soctakas.lt\/index.php\/wp-json\/wp\/v2\/types\/page"}],"author":[{"embeddable":true,"href":"https:\/\/soctakas.lt\/index.php\/wp-json\/wp\/v2\/users\/1"}],"replies":[{"embeddable":true,"href":"https:\/\/soctakas.lt\/index.php\/wp-json\/wp\/v2\/comments?post=30"}],"version-history":[{"count":14,"href":"https:\/\/soctakas.lt\/index.php\/wp-json\/wp\/v2\/pages\/30\/revisions"}],"predecessor-version":[{"id":153,"href":"https:\/\/soctakas.lt\/index.php\/wp-json\/wp\/v2\/pages\/30\/revisions\/153"}],"wp:attachment":[{"href":"https:\/\/soctakas.lt\/index.php\/wp-json\/wp\/v2\/media?parent=30"}],"curies":[{"name":"wp","href":"https:\/\/api.w.org\/{rel}","templated":true}]}}