{"id":154,"date":"2024-09-23T13:40:12","date_gmt":"2024-09-23T13:40:12","guid":{"rendered":"https:\/\/soctakas.lt\/?page_id=154"},"modified":"2024-09-23T13:56:20","modified_gmt":"2024-09-23T13:56:20","slug":"apie","status":"publish","type":"page","link":"https:\/\/soctakas.lt\/index.php\/apie\/","title":{"rendered":"Apie"},"content":{"rendered":"\n<div class=\"wp-block-columns is-layout-flex wp-container-core-columns-is-layout-28f84493 wp-block-columns-is-layout-flex\">\n<div class=\"wp-block-column is-layout-flow wp-block-column-is-layout-flow\">\n<h2 class=\"wp-block-heading\">Apie mus<\/h2>\n\n\n\n<p>Takoskyra savo veikl\u0105 prad\u0117jo 2015 met\u0173 prad\u017eioje. Turime \u0160vietimo, mokslo ir sporto ministerijos i\u0161duot\u0105 licencij\u0105. Veikl\u0105 vykdome pagal modulines ir neformalias mokymo programas.<br>S\u0117kmingai baig\u0119 vis\u0105 modulin\u0117s programos mokymo kurs\u0105 ir teigiamai i\u0161laik\u0119 kompetencij\u0173 vertinimo egzamin\u0105, asmenys gauna valstyb\u0117s pripa\u017eint\u0105 profesinio mokymo diplom\u0105, o baig\u0119 neformalias mokymo programas \u2013 kompetencijos pa\u017eym\u0117jim\u0105.<br>Veikl\u0105 vykdome \u0161iuose miestuose: \u0160iauliuose, \u0160ilut\u0117je, Tel\u0161iuose, Roki\u0161kyje ir Ma\u017eeikiuose.<\/p>\n<\/div>\n\n\n\n<div class=\"wp-block-column is-layout-flow wp-block-column-is-layout-flow\"><\/div>\n<\/div>\n\n\n\n<div class=\"wp-block-group alignfull has-ast-global-color-4-background-color has-background is-layout-constrained wp-block-group-is-layout-constrained\">\n<div class=\"wp-block-columns alignfull are-vertically-aligned-center has-ast-global-color-4-background-color has-background is-layout-flex wp-container-core-columns-is-layout-28f84493 wp-block-columns-is-layout-flex\">\n<div class=\"wp-block-column is-vertically-aligned-center animated fadeIn o-anim-custom-delay o-anim-value-delay-50ms customBtn ticss-e4faba29 is-layout-flow wp-block-column-is-layout-flow\">\n<div id=\"wp-block-themeisle-blocks-font-awesome-icons-028665f4\" class=\"wp-block-themeisle-blocks-font-awesome-icons\"><span class=\"wp-block-themeisle-blocks-font-awesome-icons-container\"><i class=\"fas fa-user-friends\"><\/i><\/span><\/div>\n\n\n\n<h2 class=\"wp-block-heading has-text-align-center o-count-delay-100ms o-count-fast\"><o-anim-count>3656<\/o-anim-count><\/h2>\n\n\n\n<p class=\"has-text-align-center\">Mokini\u0173 skai\u010dius <br>2015 &#8211; 2022 metais<\/p>\n<\/div>\n\n\n\n<div class=\"wp-block-column is-vertically-aligned-center animated fadeIn o-anim-custom-delay undefined o-anim-value-delay-150ms customBtn is-layout-flow wp-block-column-is-layout-flow\">\n<div id=\"wp-block-themeisle-blocks-font-awesome-icons-fa9d7fc6\" class=\"wp-block-themeisle-blocks-font-awesome-icons\"><span class=\"wp-block-themeisle-blocks-font-awesome-icons-container\"><i class=\"fas fa-user-plus\"><\/i><\/span><\/div>\n\n\n\n<h2 class=\"wp-block-heading has-text-align-center o-count-delay-100ms o-count-fast\"><strong><o-anim-count>742<\/o-anim-count><\/strong><\/h2>\n\n\n\n<p class=\"has-text-align-center\">Mokini\u0173 skai\u010dius 2022 metais<\/p>\n<\/div>\n\n\n\n<div class=\"wp-block-column is-vertically-aligned-center customBtn animated fadeIn o-anim-custom-delay undefined o-anim-value-delay-250ms is-layout-flow wp-block-column-is-layout-flow\">\n<div id=\"wp-block-themeisle-blocks-font-awesome-icons-85b77cc6\" class=\"wp-block-themeisle-blocks-font-awesome-icons\"><span class=\"wp-block-themeisle-blocks-font-awesome-icons-container\"><i class=\"fas fa-list\"><\/i><\/span><\/div>\n\n\n\n<h2 class=\"wp-block-heading has-text-align-center o-count-delay-100ms o-count-slow\"><o-anim-count>50<\/o-anim-count><\/h2>\n\n\n\n<p class=\"has-text-align-center\">I\u0161 tiek program\u0173 mokiniai gali rinktis sau specialyb\u0119<\/p>\n<\/div>\n\n\n\n<div class=\"wp-block-column is-vertically-aligned-center customBtn animated fadeIn o-anim-custom-delay undefined o-anim-value-delay-350ms is-layout-flow wp-block-column-is-layout-flow\">\n<div id=\"wp-block-themeisle-blocks-font-awesome-icons-4a56f5cc\" class=\"wp-block-themeisle-blocks-font-awesome-icons\"><span class=\"wp-block-themeisle-blocks-font-awesome-icons-container\"><i class=\"fas fa-signal\"><\/i><\/span><\/div>\n\n\n\n<h2 class=\"wp-block-heading has-text-align-center o-count-delay-100ms\"><o-anim-count>85<\/o-anim-count>%<\/h2>\n\n\n\n<p class=\"has-text-align-center\">S\u0117kmingai \u012fsidarbina baig\u0119 m\u016bs\u0173 kursus<\/p>\n<\/div>\n<\/div>\n<\/div>\n\n\n\n<p><\/p>\n","protected":false},"excerpt":{"rendered":"<p>Apie mus Takoskyra savo veikl\u0105 prad\u0117jo 2015 met\u0173 prad\u017eioje. Turime \u0160vietimo, mokslo ir sporto ministerijos i\u0161duot\u0105 licencij\u0105. Veikl\u0105 vykdome pagal [&hellip;]<\/p>\n","protected":false},"author":1,"featured_media":0,"parent":0,"menu_order":0,"comment_status":"closed","ping_status":"closed","template":"","meta":{"site-sidebar-layout":"default","site-content-layout":"","ast-site-content-layout":"default","site-content-style":"default","site-sidebar-style":"default","ast-global-header-display":"","ast-banner-title-visibility":"","ast-main-header-display":"","ast-hfb-above-header-display":"","ast-hfb-below-header-display":"","ast-hfb-mobile-header-display":"","site-post-title":"disabled","ast-breadcrumbs-content":"","ast-featured-img":"","footer-sml-layout":"","ast-disable-related-posts":"","theme-transparent-header-meta":"","adv-header-id-meta":"","stick-header-meta":"","header-above-stick-meta":"","header-main-stick-meta":"","header-below-stick-meta":"","astra-migrate-meta-layouts":"default","ast-page-background-enabled":"default","ast-page-background-meta":{"desktop":{"background-color":"var(--ast-global-color-4)","background-image":"","background-repeat":"repeat","background-position":"center center","background-size":"auto","background-attachment":"scroll","background-type":"","background-media":"","overlay-type":"","overlay-color":"","overlay-opacity":"","overlay-gradient":""},"tablet":{"background-color":"","background-image":"","background-repeat":"repeat","background-position":"center center","background-size":"auto","background-attachment":"scroll","background-type":"","background-media":"","overlay-type":"","overlay-color":"","overlay-opacity":"","overlay-gradient":""},"mobile":{"background-color":"","background-image":"","background-repeat":"repeat","background-position":"center center","background-size":"auto","background-attachment":"scroll","background-type":"","background-media":"","overlay-type":"","overlay-color":"","overlay-opacity":"","overlay-gradient":""}},"ast-content-background-meta":{"desktop":{"background-color":"var(--ast-global-color-5)","background-image":"","background-repeat":"repeat","background-position":"center center","background-size":"auto","background-attachment":"scroll","background-type":"","background-media":"","overlay-type":"","overlay-color":"","overlay-opacity":"","overlay-gradient":""},"tablet":{"background-color":"var(--ast-global-color-5)","background-image":"","background-repeat":"repeat","background-position":"center center","background-size":"auto","background-attachment":"scroll","background-type":"","background-media":"","overlay-type":"","overlay-color":"","overlay-opacity":"","overlay-gradient":""},"mobile":{"background-color":"var(--ast-global-color-5)","background-image":"","background-repeat":"repeat","background-position":"center center","background-size":"auto","background-attachment":"scroll","background-type":"","background-media":"","overlay-type":"","overlay-color":"","overlay-opacity":"","overlay-gradient":""}},"_themeisle_gutenberg_block_has_review":false,"footnotes":""},"class_list":["post-154","page","type-page","status-publish","hentry"],"yoast_head":"<!-- This site is optimized with the Yoast SEO plugin v23.9 - https:\/\/yoast.com\/wordpress\/plugins\/seo\/ -->\n<title>Apie - soctakas<\/title>\n<meta name=\"robots\" content=\"index, follow, max-snippet:-1, max-image-preview:large, max-video-preview:-1\" \/>\n<link rel=\"canonical\" href=\"https:\/\/soctakas.lt\/index.php\/apie\/\" \/>\n<meta property=\"og:locale\" content=\"lt_LT\" \/>\n<meta property=\"og:type\" content=\"article\" \/>\n<meta property=\"og:title\" content=\"Apie - soctakas\" \/>\n<meta property=\"og:description\" content=\"Apie mus Takoskyra savo veikl\u0105 prad\u0117jo 2015 met\u0173 prad\u017eioje. Turime \u0160vietimo, mokslo ir sporto ministerijos i\u0161duot\u0105 licencij\u0105. Veikl\u0105 vykdome pagal [&hellip;]\" \/>\n<meta property=\"og:url\" content=\"https:\/\/soctakas.lt\/index.php\/apie\/\" \/>\n<meta property=\"og:site_name\" content=\"soctakas\" \/>\n<meta property=\"article:modified_time\" content=\"2024-09-23T13:56:20+00:00\" \/>\n<meta name=\"twitter:card\" content=\"summary_large_image\" \/>\n<meta name=\"twitter:label1\" content=\"Est. reading time\" \/>\n\t<meta name=\"twitter:data1\" content=\"1 minut\u0117\" \/>\n<script type=\"application\/ld+json\" class=\"yoast-schema-graph\">{\"@context\":\"https:\/\/schema.org\",\"@graph\":[{\"@type\":\"WebPage\",\"@id\":\"https:\/\/soctakas.lt\/index.php\/apie\/\",\"url\":\"https:\/\/soctakas.lt\/index.php\/apie\/\",\"name\":\"Apie - soctakas\",\"isPartOf\":{\"@id\":\"https:\/\/soctakas.lt\/#website\"},\"datePublished\":\"2024-09-23T13:40:12+00:00\",\"dateModified\":\"2024-09-23T13:56:20+00:00\",\"breadcrumb\":{\"@id\":\"https:\/\/soctakas.lt\/index.php\/apie\/#breadcrumb\"},\"inLanguage\":\"lt-LT\",\"potentialAction\":[{\"@type\":\"ReadAction\",\"target\":[\"https:\/\/soctakas.lt\/index.php\/apie\/\"]}]},{\"@type\":\"BreadcrumbList\",\"@id\":\"https:\/\/soctakas.lt\/index.php\/apie\/#breadcrumb\",\"itemListElement\":[{\"@type\":\"ListItem\",\"position\":1,\"name\":\"Home\",\"item\":\"https:\/\/soctakas.lt\/\"},{\"@type\":\"ListItem\",\"position\":2,\"name\":\"Apie\"}]},{\"@type\":\"WebSite\",\"@id\":\"https:\/\/soctakas.lt\/#website\",\"url\":\"https:\/\/soctakas.lt\/\",\"name\":\"soctakas\",\"description\":\"\",\"publisher\":{\"@id\":\"https:\/\/soctakas.lt\/#organization\"},\"potentialAction\":[{\"@type\":\"SearchAction\",\"target\":{\"@type\":\"EntryPoint\",\"urlTemplate\":\"https:\/\/soctakas.lt\/?s={search_term_string}\"},\"query-input\":{\"@type\":\"PropertyValueSpecification\",\"valueRequired\":true,\"valueName\":\"search_term_string\"}}],\"inLanguage\":\"lt-LT\"},{\"@type\":\"Organization\",\"@id\":\"https:\/\/soctakas.lt\/#organization\",\"name\":\"soctakas\",\"url\":\"https:\/\/soctakas.lt\/\",\"logo\":{\"@type\":\"ImageObject\",\"inLanguage\":\"lt-LT\",\"@id\":\"https:\/\/soctakas.lt\/#\/schema\/logo\/image\/\",\"url\":\"https:\/\/soctakas.lt\/wp-content\/uploads\/2024\/09\/logo.png\",\"contentUrl\":\"https:\/\/soctakas.lt\/wp-content\/uploads\/2024\/09\/logo.png\",\"width\":120,\"height\":23,\"caption\":\"soctakas\"},\"image\":{\"@id\":\"https:\/\/soctakas.lt\/#\/schema\/logo\/image\/\"}}]}<\/script>\n<!-- \/ Yoast SEO plugin. -->","yoast_head_json":{"title":"Apie - soctakas","robots":{"index":"index","follow":"follow","max-snippet":"max-snippet:-1","max-image-preview":"max-image-preview:large","max-video-preview":"max-video-preview:-1"},"canonical":"https:\/\/soctakas.lt\/index.php\/apie\/","og_locale":"lt_LT","og_type":"article","og_title":"Apie - soctakas","og_description":"Apie mus Takoskyra savo veikl\u0105 prad\u0117jo 2015 met\u0173 prad\u017eioje. Turime \u0160vietimo, mokslo ir sporto ministerijos i\u0161duot\u0105 licencij\u0105. Veikl\u0105 vykdome pagal [&hellip;]","og_url":"https:\/\/soctakas.lt\/index.php\/apie\/","og_site_name":"soctakas","article_modified_time":"2024-09-23T13:56:20+00:00","twitter_card":"summary_large_image","twitter_misc":{"Est. reading time":"1 minut\u0117"},"schema":{"@context":"https:\/\/schema.org","@graph":[{"@type":"WebPage","@id":"https:\/\/soctakas.lt\/index.php\/apie\/","url":"https:\/\/soctakas.lt\/index.php\/apie\/","name":"Apie - soctakas","isPartOf":{"@id":"https:\/\/soctakas.lt\/#website"},"datePublished":"2024-09-23T13:40:12+00:00","dateModified":"2024-09-23T13:56:20+00:00","breadcrumb":{"@id":"https:\/\/soctakas.lt\/index.php\/apie\/#breadcrumb"},"inLanguage":"lt-LT","potentialAction":[{"@type":"ReadAction","target":["https:\/\/soctakas.lt\/index.php\/apie\/"]}]},{"@type":"BreadcrumbList","@id":"https:\/\/soctakas.lt\/index.php\/apie\/#breadcrumb","itemListElement":[{"@type":"ListItem","position":1,"name":"Home","item":"https:\/\/soctakas.lt\/"},{"@type":"ListItem","position":2,"name":"Apie"}]},{"@type":"WebSite","@id":"https:\/\/soctakas.lt\/#website","url":"https:\/\/soctakas.lt\/","name":"soctakas","description":"","publisher":{"@id":"https:\/\/soctakas.lt\/#organization"},"potentialAction":[{"@type":"SearchAction","target":{"@type":"EntryPoint","urlTemplate":"https:\/\/soctakas.lt\/?s={search_term_string}"},"query-input":{"@type":"PropertyValueSpecification","valueRequired":true,"valueName":"search_term_string"}}],"inLanguage":"lt-LT"},{"@type":"Organization","@id":"https:\/\/soctakas.lt\/#organization","name":"soctakas","url":"https:\/\/soctakas.lt\/","logo":{"@type":"ImageObject","inLanguage":"lt-LT","@id":"https:\/\/soctakas.lt\/#\/schema\/logo\/image\/","url":"https:\/\/soctakas.lt\/wp-content\/uploads\/2024\/09\/logo.png","contentUrl":"https:\/\/soctakas.lt\/wp-content\/uploads\/2024\/09\/logo.png","width":120,"height":23,"caption":"soctakas"},"image":{"@id":"https:\/\/soctakas.lt\/#\/schema\/logo\/image\/"}}]}},"_links":{"self":[{"href":"https:\/\/soctakas.lt\/index.php\/wp-json\/wp\/v2\/pages\/154","targetHints":{"allow":["GET"]}}],"collection":[{"href":"https:\/\/soctakas.lt\/index.php\/wp-json\/wp\/v2\/pages"}],"about":[{"href":"https:\/\/soctakas.lt\/index.php\/wp-json\/wp\/v2\/types\/page"}],"author":[{"embeddable":true,"href":"https:\/\/soctakas.lt\/index.php\/wp-json\/wp\/v2\/users\/1"}],"replies":[{"embeddable":true,"href":"https:\/\/soctakas.lt\/index.php\/wp-json\/wp\/v2\/comments?post=154"}],"version-history":[{"count":6,"href":"https:\/\/soctakas.lt\/index.php\/wp-json\/wp\/v2\/pages\/154\/revisions"}],"predecessor-version":[{"id":164,"href":"https:\/\/soctakas.lt\/index.php\/wp-json\/wp\/v2\/pages\/154\/revisions\/164"}],"wp:attachment":[{"href":"https:\/\/soctakas.lt\/index.php\/wp-json\/wp\/v2\/media?parent=154"}],"curies":[{"name":"wp","href":"https:\/\/api.w.org\/{rel}","templated":true}]}}